{"id":22250,"date":"2025-02-19T19:07:18","date_gmt":"2025-02-19T19:07:18","guid":{"rendered":"https:\/\/cometal.ca\/?page_id=22250"},"modified":"2025-03-04T22:20:06","modified_gmt":"2025-03-04T22:20:06","slug":"dessin","status":"publish","type":"page","link":"https:\/\/cometal.ca\/en\/dessin\/","title":{"rendered":"Drawing"},"content":{"rendered":"<div data-elementor-type=\"wp-page\" data-elementor-id=\"22250\" class=\"elementor elementor-22250\">\n\t\t\t\t<div class=\"elementor-element elementor-element-b8c962c e-flex e-con-boxed e-con e-parent\" data-id=\"b8c962c\" data-element_type=\"container\" data-e-type=\"container\">\n\t\t\t\t\t<div class=\"e-con-inner\">\n\t\t\t\t<div class=\"elementor-element elementor-element-b3a9530 elementor-widget elementor-widget-heading\" data-id=\"b3a9530\" data-element_type=\"widget\" data-e-type=\"widget\" data-widget_type=\"heading.default\">\n\t\t\t\t<div class=\"elementor-widget-container\">\n\t\t\t\t\t<h2 class=\"elementor-heading-title elementor-size-default\">Design approval and custom-made design\n<\/h2>\t\t\t\t<\/div>\n\t\t\t\t<\/div>\n\t\t\t\t<div class=\"elementor-element elementor-element-1a297a8 elementor-view-default elementor-widget elementor-widget-icon\" data-id=\"1a297a8\" data-element_type=\"widget\" data-e-type=\"widget\" data-widget_type=\"icon.default\">\n\t\t\t\t<div class=\"elementor-widget-container\">\n\t\t\t\t\t\t\t<div class=\"elementor-icon-wrapper\">\n\t\t\t<div class=\"elementor-icon\">\n\t\t\t<svg aria-hidden=\"true\" class=\"e-font-icon-svg e-fas-draw-polygon\" viewbox=\"0 0 448 512\" xmlns=\"http:\/\/www.w3.org\/2000\/svg\"><path d=\"M384 352c-.35 0-.67.1-1.02.1l-39.2-65.32c5.07-9.17 8.22-19.56 8.22-30.78s-3.14-21.61-8.22-30.78l39.2-65.32c.35.01.67.1 1.02.1 35.35 0 64-28.65 64-64s-28.65-64-64-64c-23.63 0-44.04 12.95-55.12 32H119.12C108.04 44.95 87.63 32 64 32 28.65 32 0 60.65 0 96c0 23.63 12.95 44.04 32 55.12v209.75C12.95 371.96 0 392.37 0 416c0 35.35 28.65 64 64 64 23.63 0 44.04-12.95 55.12-32h209.75c11.09 19.05 31.49 32 55.12 32 35.35 0 64-28.65 64-64 .01-35.35-28.64-64-63.99-64zm-288 8.88V151.12A63.825 63.825 0 0 0 119.12 128h208.36l-38.46 64.1c-.35-.01-.67-.1-1.02-.1-35.35 0-64 28.65-64 64s28.65 64 64 64c.35 0 .67-.1 1.02-.1l38.46 64.1H119.12A63.748 63.748 0 0 0 96 360.88zM272 256c0-8.82 7.18-16 16-16s16 7.18 16 16-7.18 16-16 16-16-7.18-16-16zM400 96c0 8.82-7.18 16-16 16s-16-7.18-16-16 7.18-16 16-16 16 7.18 16 16zM64 80c8.82 0 16 7.18 16 16s-7.18 16-16 16-16-7.18-16-16 7.18-16 16-16zM48 416c0-8.82 7.18-16 16-16s16 7.18 16 16-7.18 16-16 16-16-7.18-16-16zm336 16c-8.82 0-16-7.18-16-16s7.18-16 16-16 16 7.18 16 16-7.18 16-16 16z\"><\/path><\/svg>\t\t\t<\/div>\n\t\t<\/div>\n\t\t\t\t\t\t<\/div>\n\t\t\t\t<\/div>\n\t\t\t\t<div class=\"elementor-element elementor-element-cd0ade9 elementor-widget elementor-widget-text-editor\" data-id=\"cd0ade9\" data-element_type=\"widget\" data-e-type=\"widget\" data-widget_type=\"text-editor.default\">\n\t\t\t\t<div class=\"elementor-widget-container\">\n\t\t\t\t\t\t\t\t\t<p>For more informations on our design approval and custom-made design services, contact us by clicking on the link below or call us at 1-888-839-8831. We will be glad to answer to all your questions.<\/p>\t\t\t\t\t\t\t\t<\/div>\n\t\t\t\t<\/div>\n\t\t\t\t<div class=\"elementor-element elementor-element-af11b2f elementor-widget elementor-widget-button\" data-id=\"af11b2f\" data-element_type=\"widget\" data-e-type=\"widget\" data-widget_type=\"button.default\">\n\t\t\t\t<div class=\"elementor-widget-container\">\n\t\t\t\t\t\t\t\t\t<div class=\"elementor-button-wrapper\">\n\t\t\t\t\t<a class=\"elementor-button elementor-button-link elementor-size-sm\" href=\"https:\/\/cometal.ca\/en\/contactez-nous\/\">\n\t\t\t\t\t\t<span class=\"elementor-button-content-wrapper\">\n\t\t\t\t\t\t\t\t\t<span class=\"elementor-button-text\">Contact us<\/span>\n\t\t\t\t\t<\/span>\n\t\t\t\t\t<\/a>\n\t\t\t\t<\/div>\n\t\t\t\t\t\t\t\t<\/div>\n\t\t\t\t<\/div>\n\t\t\t\t\t<\/div>\n\t\t\t\t<\/div>\n\t\t<div class=\"elementor-element elementor-element-334068d e-flex e-con-boxed e-con e-parent\" data-id=\"334068d\" data-element_type=\"container\" data-e-type=\"container\">\n\t\t\t\t\t<div class=\"e-con-inner\">\n\t\t\t\t\t<\/div>\n\t\t\t\t<\/div>\n\t\t\t\t<\/div>","protected":false},"excerpt":{"rendered":"<p>Dessin d\u2019approbation et de fabrication sur mesure Pour plus d&rsquo;informations sur nos services de fabrications de produits sur mesures pour besoins sp\u00e9ciaux, contactez-nous en utilisant le lien ci-dessous ou par t\u00e9l\u00e9phone au 1-888\u2013839\u20138831. C&rsquo;est avec plaisir que nos r\u00e9pondrons \u00e0 toutes vos questions. Contactez-nous<\/p>","protected":false},"author":1,"featured_media":0,"parent":0,"menu_order":0,"comment_status":"closed","ping_status":"closed","template":"","meta":{"_bst_post_transparent":"","_bst_post_title":"show","_bst_post_layout":"fullwidth","_bst_post_sidebar_id":"","_bst_post_content_style":"unboxed","_bst_post_vertical_padding":"hide","_bst_post_feature":"hide","_bst_post_feature_position":"","_bst_post_header":false,"_bst_post_footer":false,"footnotes":""},"class_list":["post-22250","page","type-page","status-publish","hentry"],"_links":{"self":[{"href":"https:\/\/cometal.ca\/en\/wp-json\/wp\/v2\/pages\/22250","targetHints":{"allow":["GET"]}}],"collection":[{"href":"https:\/\/cometal.ca\/en\/wp-json\/wp\/v2\/pages"}],"about":[{"href":"https:\/\/cometal.ca\/en\/wp-json\/wp\/v2\/types\/page"}],"author":[{"embeddable":true,"href":"https:\/\/cometal.ca\/en\/wp-json\/wp\/v2\/users\/1"}],"replies":[{"embeddable":true,"href":"https:\/\/cometal.ca\/en\/wp-json\/wp\/v2\/comments?post=22250"}],"version-history":[{"count":0,"href":"https:\/\/cometal.ca\/en\/wp-json\/wp\/v2\/pages\/22250\/revisions"}],"wp:attachment":[{"href":"https:\/\/cometal.ca\/en\/wp-json\/wp\/v2\/media?parent=22250"}],"curies":[{"name":"wp","href":"https:\/\/api.w.org\/{rel}","templated":true}]}}