{"id":2103,"date":"2023-06-23T04:52:25","date_gmt":"2023-06-23T04:52:25","guid":{"rendered":"https:\/\/demos.coderplace.com\/woo\/WCM02\/WCM02045\/WP01\/?page_id=2103"},"modified":"2025-06-26T19:36:17","modified_gmt":"2025-06-26T19:36:17","slug":"realisations","status":"publish","type":"page","link":"https:\/\/cometal.ca\/fr\/realisations\/","title":{"rendered":"R\u00e9alisations"},"content":{"rendered":"\t\t<div data-elementor-type=\"wp-page\" data-elementor-id=\"2103\" class=\"elementor elementor-2103\">\n\t\t\t\t\t\t<section class=\"elementor-section elementor-top-section elementor-element elementor-element-bcec06e elementor-section-boxed elementor-section-height-default elementor-section-height-default\" data-id=\"bcec06e\" data-element_type=\"section\" data-e-type=\"section\">\n\t\t\t\t\t\t<div class=\"elementor-container elementor-column-gap-default\">\n\t\t\t\t\t<div class=\"elementor-column elementor-col-100 elementor-top-column elementor-element elementor-element-1f5aefb elementor-invisible\" data-id=\"1f5aefb\" data-element_type=\"column\" data-e-type=\"column\" data-settings=\"{&quot;animation&quot;:&quot;slideInUp&quot;}\">\n\t\t\t<div class=\"elementor-widget-wrap elementor-element-populated\">\n\t\t\t\t\t\t<div class=\"elementor-element elementor-element-62e0b95 elementor-widget elementor-widget-heading\" data-id=\"62e0b95\" data-element_type=\"widget\" data-e-type=\"widget\" data-widget_type=\"heading.default\">\n\t\t\t\t<div class=\"elementor-widget-container\">\n\t\t\t\t\t<h2 class=\"elementor-heading-title elementor-size-default\">D\u00e9couvrez quelques r\u00e9alisations<\/h2>\t\t\t\t<\/div>\n\t\t\t\t<\/div>\n\t\t\t\t<section class=\"elementor-section elementor-inner-section elementor-element elementor-element-2b28137 img-solution elementor-section-boxed elementor-section-height-default elementor-section-height-default\" data-id=\"2b28137\" data-element_type=\"section\" data-e-type=\"section\">\n\t\t\t\t\t\t<div class=\"elementor-container elementor-column-gap-default\">\n\t\t\t\t\t<div class=\"elementor-column elementor-col-25 elementor-inner-column elementor-element elementor-element-fc94dc9 team-item\" data-id=\"fc94dc9\" data-element_type=\"column\" data-e-type=\"column\">\n\t\t\t<div class=\"elementor-widget-wrap elementor-element-populated\">\n\t\t\t\t\t\t<div class=\"elementor-element elementor-element-4e864bf elementor-position-top elementor-widget elementor-widget-image-box\" data-id=\"4e864bf\" data-element_type=\"widget\" data-e-type=\"widget\" data-widget_type=\"image-box.default\">\n\t\t\t\t<div class=\"elementor-widget-container\">\n\t\t\t\t\t<div class=\"elementor-image-box-wrapper\"><figure class=\"elementor-image-box-img\"><a href=\"https:\/\/cometal.ca\/realisations\/pare-soleil\/\" tabindex=\"-1\"><img fetchpriority=\"high\" decoding=\"async\" width=\"2458\" height=\"1639\" src=\"https:\/\/cometal.ca\/wp-content\/uploads\/2024\/12\/photo_projet_122.jpg\" class=\"elementor-animation-float attachment-full size-full wp-image-20962\" alt=\"\u00c9difice La Presse\" srcset=\"https:\/\/cometal.ca\/wp-content\/uploads\/2024\/12\/photo_projet_122.jpg 2458w, https:\/\/cometal.ca\/wp-content\/uploads\/2024\/12\/photo_projet_122-300x200.jpg 300w, https:\/\/cometal.ca\/wp-content\/uploads\/2024\/12\/photo_projet_122-1024x683.jpg 1024w, https:\/\/cometal.ca\/wp-content\/uploads\/2024\/12\/photo_projet_122-768x512.jpg 768w, https:\/\/cometal.ca\/wp-content\/uploads\/2024\/12\/photo_projet_122-1536x1024.jpg 1536w, https:\/\/cometal.ca\/wp-content\/uploads\/2024\/12\/photo_projet_122-2048x1366.jpg 2048w\" sizes=\"(max-width: 2458px) 100vw, 2458px\" \/><\/a><\/figure><div class=\"elementor-image-box-content\"><h3 class=\"elementor-image-box-title\"><a href=\"https:\/\/cometal.ca\/realisations\/pare-soleil\/\">Pare-soleil<\/a><\/h3><p class=\"elementor-image-box-description\">16 photos<\/p><\/div><\/div>\t\t\t\t<\/div>\n\t\t\t\t<\/div>\n\t\t\t\t\t<\/div>\n\t\t<\/div>\n\t\t\t\t<div class=\"elementor-column elementor-col-25 elementor-inner-column elementor-element elementor-element-9d7c217 team-item\" data-id=\"9d7c217\" data-element_type=\"column\" data-e-type=\"column\">\n\t\t\t<div class=\"elementor-widget-wrap elementor-element-populated\">\n\t\t\t\t\t\t<div class=\"elementor-element elementor-element-513e51e elementor-position-top elementor-widget elementor-widget-image-box\" data-id=\"513e51e\" data-element_type=\"widget\" data-e-type=\"widget\" data-widget_type=\"image-box.default\">\n\t\t\t\t<div class=\"elementor-widget-container\">\n\t\t\t\t\t<div class=\"elementor-image-box-wrapper\"><figure class=\"elementor-image-box-img\"><a href=\"https:\/\/cometal.ca\/realisations\/persiennes\/\" tabindex=\"-1\"><img decoding=\"async\" width=\"2458\" height=\"1639\" src=\"https:\/\/cometal.ca\/wp-content\/uploads\/2024\/12\/photo_projet_105.jpg\" class=\"elementor-animation-float attachment-full size-full wp-image-20947\" alt=\"Data Center Montr\u00e9al\" srcset=\"https:\/\/cometal.ca\/wp-content\/uploads\/2024\/12\/photo_projet_105.jpg 2458w, https:\/\/cometal.ca\/wp-content\/uploads\/2024\/12\/photo_projet_105-300x200.jpg 300w, https:\/\/cometal.ca\/wp-content\/uploads\/2024\/12\/photo_projet_105-1024x683.jpg 1024w, https:\/\/cometal.ca\/wp-content\/uploads\/2024\/12\/photo_projet_105-768x512.jpg 768w, https:\/\/cometal.ca\/wp-content\/uploads\/2024\/12\/photo_projet_105-1536x1024.jpg 1536w, https:\/\/cometal.ca\/wp-content\/uploads\/2024\/12\/photo_projet_105-2048x1366.jpg 2048w\" sizes=\"(max-width: 2458px) 100vw, 2458px\" \/><\/a><\/figure><div class=\"elementor-image-box-content\"><h3 class=\"elementor-image-box-title\"><a href=\"https:\/\/cometal.ca\/realisations\/persiennes\/\">Persiennes <\/a><\/h3><p class=\"elementor-image-box-description\">17 photos<\/p><\/div><\/div>\t\t\t\t<\/div>\n\t\t\t\t<\/div>\n\t\t\t\t\t<\/div>\n\t\t<\/div>\n\t\t\t\t<div class=\"elementor-column elementor-col-25 elementor-inner-column elementor-element elementor-element-75c5c4f team-item\" data-id=\"75c5c4f\" data-element_type=\"column\" data-e-type=\"column\">\n\t\t\t<div class=\"elementor-widget-wrap elementor-element-populated\">\n\t\t\t\t\t\t<div class=\"elementor-element elementor-element-370c2f9 elementor-position-top elementor-widget elementor-widget-image-box\" data-id=\"370c2f9\" data-element_type=\"widget\" data-e-type=\"widget\" data-widget_type=\"image-box.default\">\n\t\t\t\t<div class=\"elementor-widget-container\">\n\t\t\t\t\t<div class=\"elementor-image-box-wrapper\"><figure class=\"elementor-image-box-img\"><a href=\"https:\/\/cometal.ca\/realisations\/grilles-gratte-pieds\/\" tabindex=\"-1\"><img decoding=\"async\" width=\"2458\" height=\"1639\" src=\"https:\/\/cometal.ca\/wp-content\/uploads\/2024\/12\/photo_projet_114.jpg\" class=\"elementor-animation-float attachment-full size-full wp-image-20937\" alt=\"Mus\u00e9e national des beaux-arts\" srcset=\"https:\/\/cometal.ca\/wp-content\/uploads\/2024\/12\/photo_projet_114.jpg 2458w, https:\/\/cometal.ca\/wp-content\/uploads\/2024\/12\/photo_projet_114-300x200.jpg 300w, https:\/\/cometal.ca\/wp-content\/uploads\/2024\/12\/photo_projet_114-1024x683.jpg 1024w, https:\/\/cometal.ca\/wp-content\/uploads\/2024\/12\/photo_projet_114-768x512.jpg 768w, https:\/\/cometal.ca\/wp-content\/uploads\/2024\/12\/photo_projet_114-1536x1024.jpg 1536w, https:\/\/cometal.ca\/wp-content\/uploads\/2024\/12\/photo_projet_114-2048x1366.jpg 2048w\" sizes=\"(max-width: 2458px) 100vw, 2458px\" \/><\/a><\/figure><div class=\"elementor-image-box-content\"><h3 class=\"elementor-image-box-title\"><a href=\"https:\/\/cometal.ca\/realisations\/grilles-gratte-pieds\/\">Grilles gratte-pieds<\/a><\/h3><p class=\"elementor-image-box-description\">7 photos<\/p><\/div><\/div>\t\t\t\t<\/div>\n\t\t\t\t<\/div>\n\t\t\t\t\t<\/div>\n\t\t<\/div>\n\t\t\t\t<div class=\"elementor-column elementor-col-25 elementor-inner-column elementor-element elementor-element-6732ca6 team-item\" data-id=\"6732ca6\" data-element_type=\"column\" data-e-type=\"column\">\n\t\t\t<div class=\"elementor-widget-wrap elementor-element-populated\">\n\t\t\t\t\t\t<div class=\"elementor-element elementor-element-ea80d8c elementor-position-top elementor-widget elementor-widget-image-box\" data-id=\"ea80d8c\" data-element_type=\"widget\" data-e-type=\"widget\" data-widget_type=\"image-box.default\">\n\t\t\t\t<div class=\"elementor-widget-container\">\n\t\t\t\t\t<div class=\"elementor-image-box-wrapper\"><figure class=\"elementor-image-box-img\"><a href=\"https:\/\/cometal.ca\/realisations\/ecran%20visuel\/\" tabindex=\"-1\"><img loading=\"lazy\" decoding=\"async\" width=\"2458\" height=\"1639\" src=\"https:\/\/cometal.ca\/wp-content\/uploads\/2024\/12\/photo_projet_120.jpg\" class=\"elementor-animation-float attachment-full size-full wp-image-20930\" alt=\"H\u00f4tel le Germain Maple Leaf Square\" srcset=\"https:\/\/cometal.ca\/wp-content\/uploads\/2024\/12\/photo_projet_120.jpg 2458w, https:\/\/cometal.ca\/wp-content\/uploads\/2024\/12\/photo_projet_120-300x200.jpg 300w, https:\/\/cometal.ca\/wp-content\/uploads\/2024\/12\/photo_projet_120-1024x683.jpg 1024w, https:\/\/cometal.ca\/wp-content\/uploads\/2024\/12\/photo_projet_120-768x512.jpg 768w, https:\/\/cometal.ca\/wp-content\/uploads\/2024\/12\/photo_projet_120-1536x1024.jpg 1536w, https:\/\/cometal.ca\/wp-content\/uploads\/2024\/12\/photo_projet_120-2048x1366.jpg 2048w\" sizes=\"(max-width: 2458px) 100vw, 2458px\" \/><\/a><\/figure><div class=\"elementor-image-box-content\"><h3 class=\"elementor-image-box-title\"><a href=\"https:\/\/cometal.ca\/realisations\/ecran%20visuel\/\">\u00c9crans visuels<\/a><\/h3><p class=\"elementor-image-box-description\">6 Photos<\/p><\/div><\/div>\t\t\t\t<\/div>\n\t\t\t\t<\/div>\n\t\t\t\t\t<\/div>\n\t\t<\/div>\n\t\t\t\t\t<\/div>\n\t\t<\/section>\n\t\t\t\t\t<\/div>\n\t\t<\/div>\n\t\t\t\t\t<\/div>\n\t\t<\/section>\n\t\t\t\t<\/div>\n\t\t","protected":false},"excerpt":{"rendered":"<p>D\u00e9couvrez quelques r\u00e9alisations Pare-soleil 16 photos Persiennes 17 photos Grilles gratte-pieds 7 photos \u00c9crans visuels 6 Photos<\/p>\n","protected":false},"author":1,"featured_media":0,"parent":0,"menu_order":0,"comment_status":"closed","ping_status":"closed","template":"","meta":{"_bst_post_transparent":"","_bst_post_title":"show","_bst_post_layout":"fullwidth","_bst_post_sidebar_id":"","_bst_post_content_style":"unboxed","_bst_post_vertical_padding":"hide","_bst_post_feature":"hide","_bst_post_feature_position":"","_bst_post_header":false,"_bst_post_footer":false,"footnotes":""},"class_list":["post-2103","page","type-page","status-publish","hentry"],"_links":{"self":[{"href":"https:\/\/cometal.ca\/fr\/wp-json\/wp\/v2\/pages\/2103","targetHints":{"allow":["GET"]}}],"collection":[{"href":"https:\/\/cometal.ca\/fr\/wp-json\/wp\/v2\/pages"}],"about":[{"href":"https:\/\/cometal.ca\/fr\/wp-json\/wp\/v2\/types\/page"}],"author":[{"embeddable":true,"href":"https:\/\/cometal.ca\/fr\/wp-json\/wp\/v2\/users\/1"}],"replies":[{"embeddable":true,"href":"https:\/\/cometal.ca\/fr\/wp-json\/wp\/v2\/comments?post=2103"}],"version-history":[{"count":0,"href":"https:\/\/cometal.ca\/fr\/wp-json\/wp\/v2\/pages\/2103\/revisions"}],"wp:attachment":[{"href":"https:\/\/cometal.ca\/fr\/wp-json\/wp\/v2\/media?parent=2103"}],"curies":[{"name":"wp","href":"https:\/\/api.w.org\/{rel}","templated":true}]}}